{"id":6543,"date":"2017-11-24T16:13:27","date_gmt":"2017-11-24T16:13:27","guid":{"rendered":"https:\/\/fluigent.voll-gmbh.de\/about-us\/microfluidic-jobs\/"},"modified":"2021-09-17T06:50:31","modified_gmt":"2021-09-17T06:50:31","slug":"microfluidic-jobs","status":"publish","type":"page","link":"https:\/\/store.fluigent.com\/de\/about-us-2-2\/microfluidic-jobs\/","title":{"rendered":"Karriere"},"content":{"rendered":"<h1>Jobs bei der Fluigent Deutschland GmbH in Jena<img loading=\"lazy\" decoding=\"async\" class=\"alignright wp-image-6173\" src=\"https:\/\/fluigent.voll-gmbh.de\/app\/uploads\/2017\/11\/Fluigent-team-1024x768.jpg\" alt=\"fluigent-team-microfluidics\" width=\"512\" height=\"384\" srcset=\"https:\/\/store.fluigent.com\/app\/uploads\/2017\/11\/Fluigent-team-1024x768.jpg 1024w, https:\/\/store.fluigent.com\/app\/uploads\/2017\/11\/Fluigent-team-300x225.jpg 300w, https:\/\/store.fluigent.com\/app\/uploads\/2017\/11\/Fluigent-team-768x576.jpg 768w\" sizes=\"auto, (max-width: 512px) 100vw, 512px\" \/><\/h1>\n<p>Die FLUIGENT Deutschland GmbH ist eine 2014 gegr\u00fcndete Niederlassung der franz\u00f6sischen FLUIGENT S.A.. Unser Vertriebsb\u00fcro mitten in Jena ist aktiv beim Verkauf und Service von Ger\u00e4ten f\u00fcr die Forschung im Bereich Mikrofluidik in den Regionen DACH, BENELUX, Skandinavien und Osteuropa.<\/p>\n<h2>Begleiten Sie uns und werden Sie Teil eines f\u00fchrenden Mikrofluidik-Unternehmens!<\/h2>\n<p>Jobs bei Fluigent Deutschland:<\/p>\n<p>Zur Zeit <span class=\"VIiyi\" lang=\"de\"><span class=\"JLqJ4b ChMk0b\" data-language-for-alternatives=\"de\" data-language-to-translate-into=\"ru\" data-phrase-index=\"0\">gibt es keine offenen Stellen.<\/span><\/span><\/p>\n<h3>Sind Sie interessiert? Dann freuen wir uns auf Ihre Bewerbung per E-Mail an: <a href=\"mailto:jobs@fluigent.de\">jobs@fluigent.de<\/a><\/h3>\n<hr \/>\n","protected":false},"excerpt":{"rendered":"<p>Jobs bei der Fluigent Deutschland GmbH in Jena Die FLUIGENT Deutschland GmbH ist eine 2014 gegr\u00fcndete Niederlassung der franz\u00f6sischen FLUIGENT S.A.. Unser Vertriebsb\u00fcro mitten in Jena ist aktiv beim Verkauf und Service von Ger\u00e4ten f\u00fcr die Forschung im Bereich Mikrofluidik in den Regionen DACH, BENELUX, Skandinavien und Osteuropa. Begleiten Sie uns und werden Sie Teil&hellip;<\/p>\n","protected":false},"author":47,"featured_media":0,"parent":17210,"menu_order":1,"comment_status":"closed","ping_status":"closed","template":"","meta":{"cwp_meta_box_check":"No","cwp_rev_product_name":"","cwp_rev_product_image":"","wppr_links":[],"cwp_rev_price":"","wppr_options":[],"wppr_pros":[],"wppr_cons":[],"content-type":"","footnotes":""},"class_list":["post-6543","page","type-page","status-publish","hentry","entry","no-media"],"wppr_data":{"cwp_meta_box_check":"No"},"yoast_head":"<!-- This site is optimized with the Yoast SEO Premium plugin v24.2 (Yoast SEO v26.6) - https:\/\/yoast.com\/wordpress\/plugins\/seo\/ -->\n<title>Microfluidics Jobs at Fluigent, join the team<\/title>\n<meta name=\"description\" content=\"Fluigent is the oldest French company specialized in microfluidics. Joins us and be part of the leading microfluidics company!\" \/>\n<meta name=\"robots\" content=\"index, follow, max-snippet:-1, max-image-preview:large, max-video-preview:-1\" \/>\n<link rel=\"canonical\" href=\"https:\/\/store.fluigent.com\/de\/about-us-2-2\/microfluidic-jobs\/\" \/>\n<meta property=\"og:locale\" content=\"de_DE\" \/>\n<meta property=\"og:type\" content=\"article\" \/>\n<meta property=\"og:title\" content=\"Karriere\" \/>\n<meta property=\"og:description\" content=\"Fluigent is the oldest French company specialized in microfluidics. Joins us and be part of the leading microfluidics company!\" \/>\n<meta property=\"og:url\" content=\"https:\/\/store.fluigent.com\/de\/about-us-2-2\/microfluidic-jobs\/\" \/>\n<meta property=\"og:site_name\" content=\"Fluigent\" \/>\n<meta property=\"article:modified_time\" content=\"2021-09-17T06:50:31+00:00\" \/>\n<meta property=\"og:image\" content=\"https:\/\/fluigent.voll-gmbh.de\/wp-content\/uploads\/2017\/11\/Fluigent-team-1024x768.jpg\" \/>\n<meta name=\"twitter:card\" content=\"summary_large_image\" \/>\n<meta name=\"twitter:label1\" content=\"Est. reading time\" \/>\n\t<meta name=\"twitter:data1\" content=\"1 minute\" \/>\n<script type=\"application\/ld+json\" class=\"yoast-schema-graph\">{\"@context\":\"https:\/\/schema.org\",\"@graph\":[{\"@type\":\"WebPage\",\"@id\":\"https:\/\/store.fluigent.com\/de\/about-us-2-2\/microfluidic-jobs\/\",\"url\":\"https:\/\/store.fluigent.com\/de\/about-us-2-2\/microfluidic-jobs\/\",\"name\":\"Microfluidics Jobs at Fluigent, join the team\",\"isPartOf\":{\"@id\":\"https:\/\/store.fluigent.com\/#website\"},\"primaryImageOfPage\":{\"@id\":\"https:\/\/store.fluigent.com\/de\/about-us-2-2\/microfluidic-jobs\/#primaryimage\"},\"image\":{\"@id\":\"https:\/\/store.fluigent.com\/de\/about-us-2-2\/microfluidic-jobs\/#primaryimage\"},\"thumbnailUrl\":\"https:\/\/fluigent.voll-gmbh.de\/app\/uploads\/2017\/11\/Fluigent-team-1024x768.jpg\",\"datePublished\":\"2017-11-24T16:13:27+00:00\",\"dateModified\":\"2021-09-17T06:50:31+00:00\",\"description\":\"Fluigent is the oldest French company specialized in microfluidics. Joins us and be part of the leading microfluidics company!\",\"breadcrumb\":{\"@id\":\"https:\/\/store.fluigent.com\/de\/about-us-2-2\/microfluidic-jobs\/#breadcrumb\"},\"inLanguage\":\"de-DE\",\"potentialAction\":[{\"@type\":\"ReadAction\",\"target\":[\"https:\/\/store.fluigent.com\/de\/about-us-2-2\/microfluidic-jobs\/\"]}]},{\"@type\":\"ImageObject\",\"inLanguage\":\"de-DE\",\"@id\":\"https:\/\/store.fluigent.com\/de\/about-us-2-2\/microfluidic-jobs\/#primaryimage\",\"url\":\"https:\/\/fluigent.voll-gmbh.de\/app\/uploads\/2017\/11\/Fluigent-team-1024x768.jpg\",\"contentUrl\":\"https:\/\/fluigent.voll-gmbh.de\/app\/uploads\/2017\/11\/Fluigent-team-1024x768.jpg\"},{\"@type\":\"BreadcrumbList\",\"@id\":\"https:\/\/store.fluigent.com\/de\/about-us-2-2\/microfluidic-jobs\/#breadcrumb\",\"itemListElement\":[{\"@type\":\"ListItem\",\"position\":1,\"name\":\"\",\"item\":\"https:\/\/store.fluigent.com\/de\/\"},{\"@type\":\"ListItem\",\"position\":2,\"name\":\"About us\",\"item\":\"https:\/\/store.fluigent.com\/de\/about-us-2-2\/\"},{\"@type\":\"ListItem\",\"position\":3,\"name\":\"Karriere\"}]},{\"@type\":\"WebSite\",\"@id\":\"https:\/\/store.fluigent.com\/#website\",\"url\":\"https:\/\/store.fluigent.com\/\",\"name\":\"Fluigent\",\"description\":\"Smart microfluidics\",\"publisher\":{\"@id\":\"https:\/\/store.fluigent.com\/#organization\"},\"potentialAction\":[{\"@type\":\"SearchAction\",\"target\":{\"@type\":\"EntryPoint\",\"urlTemplate\":\"https:\/\/store.fluigent.com\/?s={search_term_string}\"},\"query-input\":{\"@type\":\"PropertyValueSpecification\",\"valueRequired\":true,\"valueName\":\"search_term_string\"}}],\"inLanguage\":\"de-DE\"},{\"@type\":\"Organization\",\"@id\":\"https:\/\/store.fluigent.com\/#organization\",\"name\":\"Fluigent\",\"url\":\"https:\/\/store.fluigent.com\/\",\"logo\":{\"@type\":\"ImageObject\",\"inLanguage\":\"de-DE\",\"@id\":\"https:\/\/store.fluigent.com\/#\/schema\/logo\/image\/\",\"url\":\"https:\/\/store.fluigent.com\/app\/uploads\/2019\/05\/Fluigent_logo_2016-Copie.jpg\",\"contentUrl\":\"https:\/\/store.fluigent.com\/app\/uploads\/2019\/05\/Fluigent_logo_2016-Copie.jpg\",\"width\":217,\"height\":60,\"caption\":\"Fluigent\"},\"image\":{\"@id\":\"https:\/\/store.fluigent.com\/#\/schema\/logo\/image\/\"}}]}<\/script>\n<!-- \/ Yoast SEO Premium plugin. -->","yoast_head_json":{"title":"Microfluidics Jobs at Fluigent, join the team","description":"Fluigent is the oldest French company specialized in microfluidics. Joins us and be part of the leading microfluidics company!","robots":{"index":"index","follow":"follow","max-snippet":"max-snippet:-1","max-image-preview":"max-image-preview:large","max-video-preview":"max-video-preview:-1"},"canonical":"https:\/\/store.fluigent.com\/de\/about-us-2-2\/microfluidic-jobs\/","og_locale":"de_DE","og_type":"article","og_title":"Karriere","og_description":"Fluigent is the oldest French company specialized in microfluidics. Joins us and be part of the leading microfluidics company!","og_url":"https:\/\/store.fluigent.com\/de\/about-us-2-2\/microfluidic-jobs\/","og_site_name":"Fluigent","article_modified_time":"2021-09-17T06:50:31+00:00","og_image":[{"url":"https:\/\/fluigent.voll-gmbh.de\/wp-content\/uploads\/2017\/11\/Fluigent-team-1024x768.jpg","type":"","width":"","height":""}],"twitter_card":"summary_large_image","twitter_misc":{"Est. reading time":"1 minute"},"schema":{"@context":"https:\/\/schema.org","@graph":[{"@type":"WebPage","@id":"https:\/\/store.fluigent.com\/de\/about-us-2-2\/microfluidic-jobs\/","url":"https:\/\/store.fluigent.com\/de\/about-us-2-2\/microfluidic-jobs\/","name":"Microfluidics Jobs at Fluigent, join the team","isPartOf":{"@id":"https:\/\/store.fluigent.com\/#website"},"primaryImageOfPage":{"@id":"https:\/\/store.fluigent.com\/de\/about-us-2-2\/microfluidic-jobs\/#primaryimage"},"image":{"@id":"https:\/\/store.fluigent.com\/de\/about-us-2-2\/microfluidic-jobs\/#primaryimage"},"thumbnailUrl":"https:\/\/fluigent.voll-gmbh.de\/app\/uploads\/2017\/11\/Fluigent-team-1024x768.jpg","datePublished":"2017-11-24T16:13:27+00:00","dateModified":"2021-09-17T06:50:31+00:00","description":"Fluigent is the oldest French company specialized in microfluidics. Joins us and be part of the leading microfluidics company!","breadcrumb":{"@id":"https:\/\/store.fluigent.com\/de\/about-us-2-2\/microfluidic-jobs\/#breadcrumb"},"inLanguage":"de-DE","potentialAction":[{"@type":"ReadAction","target":["https:\/\/store.fluigent.com\/de\/about-us-2-2\/microfluidic-jobs\/"]}]},{"@type":"ImageObject","inLanguage":"de-DE","@id":"https:\/\/store.fluigent.com\/de\/about-us-2-2\/microfluidic-jobs\/#primaryimage","url":"https:\/\/fluigent.voll-gmbh.de\/app\/uploads\/2017\/11\/Fluigent-team-1024x768.jpg","contentUrl":"https:\/\/fluigent.voll-gmbh.de\/app\/uploads\/2017\/11\/Fluigent-team-1024x768.jpg"},{"@type":"BreadcrumbList","@id":"https:\/\/store.fluigent.com\/de\/about-us-2-2\/microfluidic-jobs\/#breadcrumb","itemListElement":[{"@type":"ListItem","position":1,"name":"","item":"https:\/\/store.fluigent.com\/de\/"},{"@type":"ListItem","position":2,"name":"About us","item":"https:\/\/store.fluigent.com\/de\/about-us-2-2\/"},{"@type":"ListItem","position":3,"name":"Karriere"}]},{"@type":"WebSite","@id":"https:\/\/store.fluigent.com\/#website","url":"https:\/\/store.fluigent.com\/","name":"Fluigent","description":"Smart microfluidics","publisher":{"@id":"https:\/\/store.fluigent.com\/#organization"},"potentialAction":[{"@type":"SearchAction","target":{"@type":"EntryPoint","urlTemplate":"https:\/\/store.fluigent.com\/?s={search_term_string}"},"query-input":{"@type":"PropertyValueSpecification","valueRequired":true,"valueName":"search_term_string"}}],"inLanguage":"de-DE"},{"@type":"Organization","@id":"https:\/\/store.fluigent.com\/#organization","name":"Fluigent","url":"https:\/\/store.fluigent.com\/","logo":{"@type":"ImageObject","inLanguage":"de-DE","@id":"https:\/\/store.fluigent.com\/#\/schema\/logo\/image\/","url":"https:\/\/store.fluigent.com\/app\/uploads\/2019\/05\/Fluigent_logo_2016-Copie.jpg","contentUrl":"https:\/\/store.fluigent.com\/app\/uploads\/2019\/05\/Fluigent_logo_2016-Copie.jpg","width":217,"height":60,"caption":"Fluigent"},"image":{"@id":"https:\/\/store.fluigent.com\/#\/schema\/logo\/image\/"}}]}},"_links":{"self":[{"href":"https:\/\/store.fluigent.com\/de\/wp-json\/wp\/v2\/pages\/6543","targetHints":{"allow":["GET"]}}],"collection":[{"href":"https:\/\/store.fluigent.com\/de\/wp-json\/wp\/v2\/pages"}],"about":[{"href":"https:\/\/store.fluigent.com\/de\/wp-json\/wp\/v2\/types\/page"}],"author":[{"embeddable":true,"href":"https:\/\/store.fluigent.com\/de\/wp-json\/wp\/v2\/users\/47"}],"replies":[{"embeddable":true,"href":"https:\/\/store.fluigent.com\/de\/wp-json\/wp\/v2\/comments?post=6543"}],"version-history":[{"count":9,"href":"https:\/\/store.fluigent.com\/de\/wp-json\/wp\/v2\/pages\/6543\/revisions"}],"predecessor-version":[{"id":36328,"href":"https:\/\/store.fluigent.com\/de\/wp-json\/wp\/v2\/pages\/6543\/revisions\/36328"}],"up":[{"embeddable":true,"href":"https:\/\/store.fluigent.com\/de\/wp-json\/wp\/v2\/pages\/17210"}],"wp:attachment":[{"href":"https:\/\/store.fluigent.com\/de\/wp-json\/wp\/v2\/media?parent=6543"}],"curies":[{"name":"wp","href":"https:\/\/api.w.org\/{rel}","templated":true}]}}