{"id":17612,"date":"2017-05-24T14:24:39","date_gmt":"2017-05-24T14:24:39","guid":{"rendered":"https:\/\/www.fluigent.com\/about-us-2-2\/quality\/"},"modified":"2020-03-13T11:36:13","modified_gmt":"2020-03-13T11:36:13","slug":"quality","status":"publish","type":"page","link":"https:\/\/store.fluigent.com\/de\/about-us-2-2\/quality\/","title":{"rendered":"Quality"},"content":{"rendered":"[vc_row full_width=&#8221;stretch_row&#8221;][vc_column][vc_empty_space height=&#8221;50px&#8221;][vc_custom_heading source=&#8221;post_title&#8221; font_container=&#8221;tag:h1|text_align:center&#8221; use_theme_fonts=&#8221;yes&#8221;][vc_empty_space height=&#8221;50px&#8221;][\/vc_column][\/vc_row][vc_row full_width=&#8221;stretch_row&#8221;][vc_column][vc_empty_space height=&#8221;50px&#8221;][vc_column_text]\n<p style=\"text-align: left;\"><span style=\"font-size: 18px;\">Die Qualit\u00e4t steht im Mittelpunkt aller unserer Aktivit\u00e4ten. Fluigent ist nach <strong>ISO 9001 zertifiziert<\/strong>. Dies bescheinigt uns die F\u00e4higkeit, einerseits die Zufriedenheit unserer Kunden und Partner mit unseren Produkten und Dienstleistungen regelm\u00e4\u00dfig zu erf\u00fcllen und andererseits die regulatorischen Aspekte unserer Aktivit\u00e4ten zu erf\u00fcllen.<\/span><\/p>\n[\/vc_column_text][vc_empty_space height=&#8221;50px&#8221;][\/vc_column][\/vc_row][vc_row full_width=&#8221;stretch_row&#8221; css=&#8221;.vc_custom_1532420559259{background-color: #59b6b2 !important;}&#8221;][vc_column width=&#8221;1\/3&#8243;][vc_empty_space height=&#8221;50px&#8221;][vc_column_text]\n<h2 style=\"text-align: left\"><span style=\"color: #ffffff\">Customer satisfaction<\/span><\/h2>\n<p style=\"text-align: left\"><span style=\"color: #ffffff\">Through continuous improvement strategy we are constantly satisfying our clients by maintaining a relationship based on listening and understanding their needs.<\/span><\/p>\n[\/vc_column_text][\/vc_column][vc_column width=&#8221;1\/3&#8243;][vc_empty_space height=&#8221;50px&#8221;][vc_column_text]\n<h2 style=\"text-align: left\"><span style=\"color: #ffffff\">Competitiveness<\/span><\/h2>\n<p style=\"text-align: left\"><span style=\"color: #ffffff\">By staying current on the microfluidics literature, and interfacing with our Scientific Advisory Board, we keep up on current trends, applications, and look to the future. By implementing rigorous and demanding procedures in our design and manufacturing\/test teams, we work to continuously improve our products. We gather our partners around a common goal, namely providing the best tools to succeed in their work.<\/span><\/p>\n[\/vc_column_text][vc_empty_space height=&#8221;50px&#8221;][\/vc_column][vc_column width=&#8221;1\/3&#8243;][vc_empty_space height=&#8221;50px&#8221;][vc_column_text]\n<h2 style=\"text-align: left\"><span style=\"color: #ffffff\">Innovation<\/span><\/h2>\n<p style=\"text-align: left\"><span style=\"color: #ffffff\">By exceeding our customers\u2019 expectations and identifying new needs, our Research &amp; Development team designs and develops original and innovative solutions, intended to serve as reference in microfluidics instrumentation.<\/span><\/p>\n[\/vc_column_text][\/vc_column][\/vc_row][vc_row][vc_column][vc_empty_space][\/vc_column][\/vc_row]\n","protected":false},"excerpt":{"rendered":"<p>[vc_row full_width=&#8221;stretch_row&#8221;][vc_column][vc_empty_space height=&#8221;50px&#8221;][vc_custom_heading source=&#8221;post_title&#8221; font_container=&#8221;tag:h1|text_align:center&#8221; use_theme_fonts=&#8221;yes&#8221;][vc_empty_space height=&#8221;50px&#8221;][\/vc_column][\/vc_row][vc_row full_width=&#8221;stretch_row&#8221;][vc_column][vc_empty_space height=&#8221;50px&#8221;][vc_column_text] Die Qualit\u00e4t steht im Mittelpunkt aller unserer Aktivit\u00e4ten. Fluigent ist nach ISO 9001 zertifiziert. Dies bescheinigt uns die F\u00e4higkeit, einerseits die Zufriedenheit unserer Kunden und Partner mit unseren Produkten und Dienstleistungen regelm\u00e4\u00dfig zu erf\u00fcllen und andererseits die regulatorischen Aspekte unserer Aktivit\u00e4ten zu erf\u00fcllen. [\/vc_column_text][vc_empty_space height=&#8221;50px&#8221;][\/vc_column][\/vc_row][vc_row full_width=&#8221;stretch_row&#8221;&hellip;<\/p>\n","protected":false},"author":47,"featured_media":0,"parent":17210,"menu_order":0,"comment_status":"closed","ping_status":"closed","template":"","meta":{"cwp_meta_box_check":"No","cwp_rev_product_name":"","cwp_rev_product_image":"","wppr_links":[],"cwp_rev_price":"","wppr_options":[],"wppr_pros":[],"wppr_cons":[],"content-type":"","footnotes":""},"class_list":["post-17612","page","type-page","status-publish","hentry","entry","no-media"],"wppr_data":{"cwp_meta_box_check":"No"},"yoast_head":"<!-- This site is optimized with the Yoast SEO Premium plugin v24.2 (Yoast SEO v26.6) - https:\/\/yoast.com\/wordpress\/plugins\/seo\/ -->\n<title>quality| Fluigent<\/title>\n<meta name=\"description\" content=\"Fluigent is ISO 9001 certified, indeed we are concerned about customer satisfaction. Competitiveness, research, development and innovation are our key words.\" \/>\n<meta name=\"robots\" content=\"index, follow, max-snippet:-1, max-image-preview:large, max-video-preview:-1\" \/>\n<link rel=\"canonical\" href=\"https:\/\/store.fluigent.com\/de\/about-us-2-2\/quality\/\" \/>\n<meta property=\"og:locale\" content=\"de_DE\" \/>\n<meta property=\"og:type\" content=\"article\" \/>\n<meta property=\"og:title\" content=\"Quality\" \/>\n<meta property=\"og:description\" content=\"Fluigent is ISO 9001 certified, indeed we are concerned about customer satisfaction. Competitiveness, research, development and innovation are our key words.\" \/>\n<meta property=\"og:url\" content=\"https:\/\/store.fluigent.com\/de\/about-us-2-2\/quality\/\" \/>\n<meta property=\"og:site_name\" content=\"Fluigent\" \/>\n<meta property=\"article:modified_time\" content=\"2020-03-13T11:36:13+00:00\" \/>\n<meta name=\"twitter:card\" content=\"summary_large_image\" \/>\n<meta name=\"twitter:label1\" content=\"Est. reading time\" \/>\n\t<meta name=\"twitter:data1\" content=\"2 minutes\" \/>\n<script type=\"application\/ld+json\" class=\"yoast-schema-graph\">{\"@context\":\"https:\/\/schema.org\",\"@graph\":[{\"@type\":\"WebPage\",\"@id\":\"https:\/\/store.fluigent.com\/de\/about-us-2-2\/quality\/\",\"url\":\"https:\/\/store.fluigent.com\/de\/about-us-2-2\/quality\/\",\"name\":\"quality| Fluigent\",\"isPartOf\":{\"@id\":\"https:\/\/store.fluigent.com\/#website\"},\"datePublished\":\"2017-05-24T14:24:39+00:00\",\"dateModified\":\"2020-03-13T11:36:13+00:00\",\"description\":\"Fluigent is ISO 9001 certified, indeed we are concerned about customer satisfaction. Competitiveness, research, development and innovation are our key words.\",\"breadcrumb\":{\"@id\":\"https:\/\/store.fluigent.com\/de\/about-us-2-2\/quality\/#breadcrumb\"},\"inLanguage\":\"de-DE\",\"potentialAction\":[{\"@type\":\"ReadAction\",\"target\":[\"https:\/\/store.fluigent.com\/de\/about-us-2-2\/quality\/\"]}]},{\"@type\":\"BreadcrumbList\",\"@id\":\"https:\/\/store.fluigent.com\/de\/about-us-2-2\/quality\/#breadcrumb\",\"itemListElement\":[{\"@type\":\"ListItem\",\"position\":1,\"name\":\"\",\"item\":\"https:\/\/store.fluigent.com\/de\/\"},{\"@type\":\"ListItem\",\"position\":2,\"name\":\"About us\",\"item\":\"https:\/\/store.fluigent.com\/de\/about-us-2-2\/\"},{\"@type\":\"ListItem\",\"position\":3,\"name\":\"Quality\"}]},{\"@type\":\"WebSite\",\"@id\":\"https:\/\/store.fluigent.com\/#website\",\"url\":\"https:\/\/store.fluigent.com\/\",\"name\":\"Fluigent\",\"description\":\"Smart microfluidics\",\"publisher\":{\"@id\":\"https:\/\/store.fluigent.com\/#organization\"},\"potentialAction\":[{\"@type\":\"SearchAction\",\"target\":{\"@type\":\"EntryPoint\",\"urlTemplate\":\"https:\/\/store.fluigent.com\/?s={search_term_string}\"},\"query-input\":{\"@type\":\"PropertyValueSpecification\",\"valueRequired\":true,\"valueName\":\"search_term_string\"}}],\"inLanguage\":\"de-DE\"},{\"@type\":\"Organization\",\"@id\":\"https:\/\/store.fluigent.com\/#organization\",\"name\":\"Fluigent\",\"url\":\"https:\/\/store.fluigent.com\/\",\"logo\":{\"@type\":\"ImageObject\",\"inLanguage\":\"de-DE\",\"@id\":\"https:\/\/store.fluigent.com\/#\/schema\/logo\/image\/\",\"url\":\"https:\/\/store.fluigent.com\/app\/uploads\/2019\/05\/Fluigent_logo_2016-Copie.jpg\",\"contentUrl\":\"https:\/\/store.fluigent.com\/app\/uploads\/2019\/05\/Fluigent_logo_2016-Copie.jpg\",\"width\":217,\"height\":60,\"caption\":\"Fluigent\"},\"image\":{\"@id\":\"https:\/\/store.fluigent.com\/#\/schema\/logo\/image\/\"}}]}<\/script>\n<!-- \/ Yoast SEO Premium plugin. -->","yoast_head_json":{"title":"quality| Fluigent","description":"Fluigent is ISO 9001 certified, indeed we are concerned about customer satisfaction. Competitiveness, research, development and innovation are our key words.","robots":{"index":"index","follow":"follow","max-snippet":"max-snippet:-1","max-image-preview":"max-image-preview:large","max-video-preview":"max-video-preview:-1"},"canonical":"https:\/\/store.fluigent.com\/de\/about-us-2-2\/quality\/","og_locale":"de_DE","og_type":"article","og_title":"Quality","og_description":"Fluigent is ISO 9001 certified, indeed we are concerned about customer satisfaction. Competitiveness, research, development and innovation are our key words.","og_url":"https:\/\/store.fluigent.com\/de\/about-us-2-2\/quality\/","og_site_name":"Fluigent","article_modified_time":"2020-03-13T11:36:13+00:00","twitter_card":"summary_large_image","twitter_misc":{"Est. reading time":"2 minutes"},"schema":{"@context":"https:\/\/schema.org","@graph":[{"@type":"WebPage","@id":"https:\/\/store.fluigent.com\/de\/about-us-2-2\/quality\/","url":"https:\/\/store.fluigent.com\/de\/about-us-2-2\/quality\/","name":"quality| Fluigent","isPartOf":{"@id":"https:\/\/store.fluigent.com\/#website"},"datePublished":"2017-05-24T14:24:39+00:00","dateModified":"2020-03-13T11:36:13+00:00","description":"Fluigent is ISO 9001 certified, indeed we are concerned about customer satisfaction. Competitiveness, research, development and innovation are our key words.","breadcrumb":{"@id":"https:\/\/store.fluigent.com\/de\/about-us-2-2\/quality\/#breadcrumb"},"inLanguage":"de-DE","potentialAction":[{"@type":"ReadAction","target":["https:\/\/store.fluigent.com\/de\/about-us-2-2\/quality\/"]}]},{"@type":"BreadcrumbList","@id":"https:\/\/store.fluigent.com\/de\/about-us-2-2\/quality\/#breadcrumb","itemListElement":[{"@type":"ListItem","position":1,"name":"","item":"https:\/\/store.fluigent.com\/de\/"},{"@type":"ListItem","position":2,"name":"About us","item":"https:\/\/store.fluigent.com\/de\/about-us-2-2\/"},{"@type":"ListItem","position":3,"name":"Quality"}]},{"@type":"WebSite","@id":"https:\/\/store.fluigent.com\/#website","url":"https:\/\/store.fluigent.com\/","name":"Fluigent","description":"Smart microfluidics","publisher":{"@id":"https:\/\/store.fluigent.com\/#organization"},"potentialAction":[{"@type":"SearchAction","target":{"@type":"EntryPoint","urlTemplate":"https:\/\/store.fluigent.com\/?s={search_term_string}"},"query-input":{"@type":"PropertyValueSpecification","valueRequired":true,"valueName":"search_term_string"}}],"inLanguage":"de-DE"},{"@type":"Organization","@id":"https:\/\/store.fluigent.com\/#organization","name":"Fluigent","url":"https:\/\/store.fluigent.com\/","logo":{"@type":"ImageObject","inLanguage":"de-DE","@id":"https:\/\/store.fluigent.com\/#\/schema\/logo\/image\/","url":"https:\/\/store.fluigent.com\/app\/uploads\/2019\/05\/Fluigent_logo_2016-Copie.jpg","contentUrl":"https:\/\/store.fluigent.com\/app\/uploads\/2019\/05\/Fluigent_logo_2016-Copie.jpg","width":217,"height":60,"caption":"Fluigent"},"image":{"@id":"https:\/\/store.fluigent.com\/#\/schema\/logo\/image\/"}}]}},"_links":{"self":[{"href":"https:\/\/store.fluigent.com\/de\/wp-json\/wp\/v2\/pages\/17612","targetHints":{"allow":["GET"]}}],"collection":[{"href":"https:\/\/store.fluigent.com\/de\/wp-json\/wp\/v2\/pages"}],"about":[{"href":"https:\/\/store.fluigent.com\/de\/wp-json\/wp\/v2\/types\/page"}],"author":[{"embeddable":true,"href":"https:\/\/store.fluigent.com\/de\/wp-json\/wp\/v2\/users\/47"}],"replies":[{"embeddable":true,"href":"https:\/\/store.fluigent.com\/de\/wp-json\/wp\/v2\/comments?post=17612"}],"version-history":[{"count":2,"href":"https:\/\/store.fluigent.com\/de\/wp-json\/wp\/v2\/pages\/17612\/revisions"}],"predecessor-version":[{"id":17614,"href":"https:\/\/store.fluigent.com\/de\/wp-json\/wp\/v2\/pages\/17612\/revisions\/17614"}],"up":[{"embeddable":true,"href":"https:\/\/store.fluigent.com\/de\/wp-json\/wp\/v2\/pages\/17210"}],"wp:attachment":[{"href":"https:\/\/store.fluigent.com\/de\/wp-json\/wp\/v2\/media?parent=17612"}],"curies":[{"name":"wp","href":"https:\/\/api.w.org\/{rel}","templated":true}]}}